{"id":6327,"date":"2018-04-25T10:52:44","date_gmt":"2018-04-25T08:52:44","guid":{"rendered":"http:\/\/nitsculturals.cat\/nitsculturals\/?page_id=6327"},"modified":"2026-01-06T20:46:37","modified_gmt":"2026-01-06T19:46:37","slug":"edicio-2026","status":"publish","type":"page","link":"https:\/\/nitsculturals.cat\/nitsculturals\/edicio-2026\/","title":{"rendered":"Edici\u00f3 2026"},"content":{"rendered":"<section class=\"l-section wpb_row height_large color_secondary with_img\"><div class=\"l-section-img\" role=\"img\" aria-label=\"Imagen\" data-img-width=\"2710\" data-img-height=\"1800\" style=\"background-image: url(https:\/\/nitsculturals.cat\/nitsculturals\/wp-content\/uploads\/2018\/01\/pexels-photo-417456.jpeg);\"><\/div><div class=\"l-section-overlay\" style=\"background:rgba(30,30,30,0.75)\"><\/div><div class=\"l-section-h i-cf\"><div class=\"g-cols vc_row via_flex valign_top type_default stacking_default\"><div class=\"vc_col-sm-12 wpb_column vc_column_container\"><div class=\"vc_column-inner\"><div class=\"wpb_wrapper\">[vc_custom_heading text=\u00bbEdici\u00f3 2026&#8243; font_container=\u00bbtag:h2|text_align:center\u00bb use_theme_fonts=\u00bbyes\u00bb]<\/div><\/div><\/div><\/div><\/div><\/section><section class=\"l-section wpb_row height_medium\"><div class=\"l-section-h i-cf\"><div class=\"g-cols vc_row via_flex valign_top type_default stacking_default\"><div class=\"vc_col-sm-12 wpb_column vc_column_container\"><div class=\"vc_column-inner\"><div class=\"wpb_wrapper\"><div class=\"wpb_text_column\"><div class=\"wpb_wrapper\"><h6 style=\"text-align: center;\">Benvolguts amics, gr\u00e0cies per visitar la nostra p\u00e0gina web!<\/h6>\n<h6 style=\"text-align: center;\">Tingueu una mica m\u00e9s de paciencia!<\/h6>\n<div>\n<h6 style=\"text-align: center;\">Ven aviat us informarem de les actuacions que estem preparant per l&#8217;edici\u00f3 2026!<\/h6>\n<\/div>\n<\/div><\/div><\/div><\/div><\/div><\/div><\/div><\/section>\n","protected":false},"excerpt":{"rendered":"[vc_custom_heading text=\"Edici\u00f3 2026\" font_container=\"tag:h2|text_align:center\" use_theme_fonts=\"yes\"]Benvolguts amics, gr\u00e0cies per visitar la nostra p\u00e0gina web! Tingueu una mica m\u00e9s de paciencia! Ven aviat us informarem de les actuacions que estem preparant per l&#8217;edici\u00f3 2026!","protected":false},"author":2,"featured_media":0,"parent":0,"menu_order":0,"comment_status":"closed","ping_status":"closed","template":"","meta":{"footnotes":""},"class_list":["post-6327","page","type-page","status-publish","hentry"],"_links":{"self":[{"href":"https:\/\/nitsculturals.cat\/nitsculturals\/wp-json\/wp\/v2\/pages\/6327","targetHints":{"allow":["GET"]}}],"collection":[{"href":"https:\/\/nitsculturals.cat\/nitsculturals\/wp-json\/wp\/v2\/pages"}],"about":[{"href":"https:\/\/nitsculturals.cat\/nitsculturals\/wp-json\/wp\/v2\/types\/page"}],"author":[{"embeddable":true,"href":"https:\/\/nitsculturals.cat\/nitsculturals\/wp-json\/wp\/v2\/users\/2"}],"replies":[{"embeddable":true,"href":"https:\/\/nitsculturals.cat\/nitsculturals\/wp-json\/wp\/v2\/comments?post=6327"}],"version-history":[{"count":108,"href":"https:\/\/nitsculturals.cat\/nitsculturals\/wp-json\/wp\/v2\/pages\/6327\/revisions"}],"predecessor-version":[{"id":7372,"href":"https:\/\/nitsculturals.cat\/nitsculturals\/wp-json\/wp\/v2\/pages\/6327\/revisions\/7372"}],"wp:attachment":[{"href":"https:\/\/nitsculturals.cat\/nitsculturals\/wp-json\/wp\/v2\/media?parent=6327"}],"curies":[{"name":"wp","href":"https:\/\/api.w.org\/{rel}","templated":true}]}}