{"id":6135,"date":"2018-01-27T14:58:48","date_gmt":"2018-01-27T13:58:48","guid":{"rendered":"http:\/\/nitsculturals.cat\/nitsculturals\/?page_id=6135"},"modified":"2020-12-03T16:51:14","modified_gmt":"2020-12-03T15:51:14","slug":"com_arribar-2","status":"publish","type":"page","link":"https:\/\/nitsculturals.cat\/nitsculturals\/com_arribar-2\/","title":{"rendered":"Contactar i com arribar"},"content":{"rendered":"<section class=\"l-section wpb_row height_large color_secondary with_img parallax_ver\"><div class=\"l-section-img\" role=\"img\" aria-label=\"Imagen\" data-img-width=\"4928\" data-img-height=\"3264\" style=\"background-image: url(https:\/\/nitsculturals.cat\/nitsculturals\/wp-content\/uploads\/2018\/01\/letter-handwriting-family-letters-written-51159.jpg);background-repeat: no-repeat;\"><\/div><div class=\"l-section-overlay\" style=\"background:rgba(30,30,30,0.75)\"><\/div><div class=\"l-section-h i-cf\"><div class=\"g-cols vc_row via_flex valign_top type_default stacking_default\"><div class=\"vc_col-sm-12 wpb_column vc_column_container\"><div class=\"vc_column-inner\"><div class=\"wpb_wrapper\">[vc_custom_heading text=\u00bbContactar i reserves\u00bb font_container=\u00bbtag:h2|text_align:center\u00bb use_theme_fonts=\u00bbyes\u00bb]<\/div><\/div><\/div><\/div><\/div><\/section><section class=\"l-section wpb_row height_medium\"><div class=\"l-section-h i-cf\"><div class=\"g-cols vc_row via_flex valign_top type_default stacking_default\"><div class=\"vc_col-sm-6 wpb_column vc_column_container\"><div class=\"vc_column-inner\"><div class=\"wpb_wrapper\">[vc_custom_heading text=\u00bbPer informaci\u00f3 i ajuda per fer les reserves\u00bb font_container=\u00bbtag:h1|text_align:left\u00bb google_fonts=\u00bbfont_family:Cantata%20One%3Aregular|font_style:400%20regular%3A400%3Anormal\u00bb]<\/div><\/div><\/div><div class=\"vc_col-sm-6 wpb_column vc_column_container\"><div class=\"vc_column-inner\"><div class=\"wpb_wrapper\"><div class=\"wpb_text_column\"><div class=\"wpb_wrapper\"><p><b>Escriu-nos al correu-e:<\/b><\/p>\n<p><a href=\"mailto:reserves@nitsculturals.cat\">reserves@nitsculturals.cat<\/a><\/p>\n<p>La reserva anticipada de localitats nom\u00e9s es fa per internet, fins a 24 hores abans de l\u2019espectacle. Venda de localitats a taquilla una hora abans de l\u2018inici dels espectacles<\/p>\n<p>Aforament limitat. Entrades numerades.<\/p>\n<p>Es prega puntualitat, ja que no es permetr\u00e0 l\u2019entrada a la pla\u00e7a un cop comen\u00e7at el concert.<\/p>\n<p>No \u00e9s perm\u00e8s fer fotografies ni gravar en v\u00eddeo durant el concert. Recordeu desconnectar els tel\u00e8fons m\u00f2bils.<\/p>\n<\/div><\/div><\/div><\/div><\/div><\/div><\/div><\/section><section class=\"l-section wpb_row height_auto width_full\"><div class=\"l-section-h i-cf\"><div class=\"g-cols vc_row via_flex valign_top type_default stacking_default\"><div class=\"vc_col-sm-12 wpb_column vc_column_container\"><div class=\"vc_column-inner\"><div class=\"wpb_wrapper\"><div class=\"w-map provider_google\" id=\"us_map_1\"><div class=\"w-map-inner\"><div class=\"w-map-json\" onclick='return {&quot;address&quot;:&quot;Carrer Esglesia, 2 08281 Sant Pere Sallavinera&quot;,&quot;disableDragging&quot;:0,&quot;disableZoom&quot;:0,&quot;hideControls&quot;:0,&quot;zoom&quot;:14,&quot;markers&quot;:[{&quot;address&quot;:&quot;Carrer Esglesia, 2 08281 Sant Pere Sallavinera&quot;,&quot;html&quot;:&quot;&lt;h6&gt;Hola, estem aqu\\u00ed!&lt;\\\/h6&gt;&lt;p&gt;Estarem encantats de veure-vos.&lt;\\\/p&gt;&quot;,&quot;infowindow&quot;:0}],&quot;icon&quot;:{&quot;url&quot;:&quot;https:\\\/\\\/nitsculturals.cat\\\/nitsculturals\\\/wp-content\\\/uploads\\\/2018\\\/01\\\/icona_localitzacio2.png&quot;,&quot;size&quot;:[80,80]},&quot;maptype&quot;:&quot;ROADMAP&quot;}'><\/div><\/div><\/div><\/div><\/div><\/div><\/div><\/div><\/section><section class=\"l-section wpb_row height_medium\"><div class=\"l-section-h i-cf\"><div class=\"g-cols vc_row via_flex valign_top type_default stacking_default\"><div class=\"vc_col-sm-6 wpb_column vc_column_container\"><div class=\"vc_column-inner\"><div class=\"wpb_wrapper\">[vc_custom_heading text=\u00bbCom arribar\u00bb font_container=\u00bbtag:h1|text_align:left\u00bb google_fonts=\u00bbfont_family:Cantata%20One%3Aregular|font_style:400%20regular%3A400%3Anormal\u00bb]<\/div><\/div><\/div><div class=\"vc_col-sm-6 wpb_column vc_column_container\"><div class=\"vc_column-inner\"><div class=\"wpb_wrapper\"><div class=\"wpb_text_column\"><div class=\"wpb_wrapper\"><h2>Sant Pere Sallavinera<\/h2>\n<div class=\"image_frame image_item no_link scale-with-grid alignnone no_border\">\n<div class=\"image_wrapper\"><img loading=\"lazy\" decoding=\"async\" class=\"scale-with-grid\" src=\"https:\/\/nitsculturals.cat\/nitsculturals\/wp-content\/uploads\/2016\/06\/home_barber2_sep7.png\" alt=\"home_barber2_sep7\" width=\"86\" height=\"1\" \/><\/div>\n<\/div>\n<hr class=\"no_line\" \/>\n<h5>Eix transversal C-25<br \/>\nSortida 114<br \/>\nSortida 110<br \/>\nSortida 107<\/h5>\n<\/div><\/div><\/div><\/div><\/div><\/div><\/div><\/section><section class=\"l-section wpb_row height_medium color_alternate\"><div class=\"l-section-h i-cf\"><div class=\"g-cols vc_row via_flex valign_top type_default stacking_default\"><div class=\"vc_col-sm-12 wpb_column vc_column_container\"><div class=\"vc_column-inner\"><div class=\"wpb_wrapper\">[vc_custom_heading text=\u00bbEstem a les xarxes socials\u00bb font_container=\u00bbtag:h2|text_align:center\u00bb use_theme_fonts=\u00bbyes\u00bb]<div class=\"w-socials us_custom_4af52cd7 align_center color_text shape_rounded style_solid hover_fade\" style=\"--gap:0.1em;\"><div class=\"w-socials-list\"><div class=\"w-socials-item facebook\"><a target=\"_blank\" rel=\"nofollow\" href=\"https:\/\/www.facebook.com\/NITSCULTURALS\" class=\"w-socials-item-link\" aria-label=\"Facebook\"><span class=\"w-socials-item-link-hover\"><\/span><i class=\"fab fa-facebook\"><\/i><\/a><div class=\"w-socials-item-popup\"><span>Facebook<\/span><\/div><\/div><div class=\"w-socials-item youtube\"><a target=\"_blank\" rel=\"nofollow\" href=\"https:\/\/www.youtube.com\/channel\/UCIVSH3LfjzorpzzTuku2Kww\" class=\"w-socials-item-link\" aria-label=\"YouTube\"><span class=\"w-socials-item-link-hover\"><\/span><i class=\"fab fa-youtube\"><\/i><\/a><div class=\"w-socials-item-popup\"><span>YouTube<\/span><\/div><\/div><div class=\"w-socials-item instagram\"><a target=\"_blank\" rel=\"nofollow\" href=\"https:\/\/instagram.com\/nits_culturals_santpere\" class=\"w-socials-item-link\" aria-label=\"Instagram\"><span class=\"w-socials-item-link-hover\"><\/span><i class=\"fab fa-instagram\"><\/i><\/a><div class=\"w-socials-item-popup\"><span>Instagram<\/span><\/div><\/div><\/div><\/div><\/div><\/div><\/div><\/div><\/div><\/section>\n","protected":false},"excerpt":{"rendered":"[vc_custom_heading text=\"Contactar i reserves\" font_container=\"tag:h2|text_align:center\" use_theme_fonts=\"yes\"][vc_custom_heading text=\"Per informaci\u00f3 i ajuda per fer les reserves\" font_container=\"tag:h1|text_align:left\" google_fonts=\"font_family:Cantata%20One%3Aregular|font_style:400%20regular%3A400%3Anormal\"]Escriu-nos al correu-e: reserves@nitsculturals.cat La reserva anticipada de localitats nom\u00e9s es fa per internet, fins a 24 hores abans de l\u2019espectacle. Venda de localitats a taquilla una hora abans de l\u2018inici dels espectacles Aforament limitat. Entrades numerades. Es prega puntualitat,...","protected":false},"author":2,"featured_media":0,"parent":0,"menu_order":0,"comment_status":"closed","ping_status":"closed","template":"","meta":{"footnotes":""},"class_list":["post-6135","page","type-page","status-publish","hentry"],"_links":{"self":[{"href":"https:\/\/nitsculturals.cat\/nitsculturals\/wp-json\/wp\/v2\/pages\/6135","targetHints":{"allow":["GET"]}}],"collection":[{"href":"https:\/\/nitsculturals.cat\/nitsculturals\/wp-json\/wp\/v2\/pages"}],"about":[{"href":"https:\/\/nitsculturals.cat\/nitsculturals\/wp-json\/wp\/v2\/types\/page"}],"author":[{"embeddable":true,"href":"https:\/\/nitsculturals.cat\/nitsculturals\/wp-json\/wp\/v2\/users\/2"}],"replies":[{"embeddable":true,"href":"https:\/\/nitsculturals.cat\/nitsculturals\/wp-json\/wp\/v2\/comments?post=6135"}],"version-history":[{"count":28,"href":"https:\/\/nitsculturals.cat\/nitsculturals\/wp-json\/wp\/v2\/pages\/6135\/revisions"}],"predecessor-version":[{"id":6865,"href":"https:\/\/nitsculturals.cat\/nitsculturals\/wp-json\/wp\/v2\/pages\/6135\/revisions\/6865"}],"wp:attachment":[{"href":"https:\/\/nitsculturals.cat\/nitsculturals\/wp-json\/wp\/v2\/media?parent=6135"}],"curies":[{"name":"wp","href":"https:\/\/api.w.org\/{rel}","templated":true}]}}